{"id":150,"date":"2016-08-03T13:14:37","date_gmt":"2016-08-03T13:14:37","guid":{"rendered":"http:\/\/demo.olevmedia.net\/wheelsberry\/?page_id=9"},"modified":"2026-03-03T21:32:29","modified_gmt":"2026-03-03T21:32:29","slug":"inicio","status":"publish","type":"page","link":"https:\/\/movirentscolombia.com\/en\/","title":{"rendered":"Home"},"content":{"rendered":"<div class=\"vc_row wpb_row vc_row-fluid om-container content-pane\"><div class=\"om-container\"><div class=\"wpb_column vc_column_container vc_col-sm-12\"><div class=\"vc_column-inner\"><div class=\"wpb_wrapper\"><div class=\"vc_btn3-container vc_btn3-center\" ><a class=\"vc_general vc_btn3 vc_btn3-size-lg vc_btn3-shape-rounded vc_btn3-style-flat vc_btn3-block vc_btn3-color-om-accent-color\" href=\"https:\/\/movirentscolombia.com\/en\/reservas-en-linea-2\/\" title=\"\">\ud83d\udcf2 Reserva tu carro ahora<\/a><\/div><div class=\"vc_message_box vc_message_box-solid vc_message_box-rounded vc_color-black beneficios-movirents-pro\" ><div class=\"vc_message_box-icon\"><i class=\"fas fa-info-circle\"><\/i><\/div><div>\n<div style=\"text-align: left;\"><strong>\u2022<img decoding=\"async\" class=\"emoji\" role=\"img\" draggable=\"false\" src=\"https:\/\/s.w.org\/images\/core\/emoji\/17.0.2\/svg\/2705.svg\" alt=\"\u2705\" title=\"\">\u00a0Reserva Rapida<\/strong><\/div>\n<div style=\"text-align: left;\"><strong>\u2022<img decoding=\"async\" class=\"emoji\" role=\"img\" draggable=\"false\" src=\"https:\/\/s.w.org\/images\/core\/emoji\/17.0.2\/svg\/2705.svg\" alt=\"\u2705\" title=\"\">\u00a0Mantenimientos al d\u00eda\u00a0 \u00a0 \u00a0 \u00a0 \u00a0<\/strong><\/div>\n<\/div>\n<div style=\"text-align: left;\"><strong>\u2022<img decoding=\"async\" class=\"emoji\" role=\"img\" draggable=\"false\" src=\"https:\/\/s.w.org\/images\/core\/emoji\/17.0.2\/svg\/2705.svg\" alt=\"\u2705\" title=\"\">\u00a0Seguros obligatorios (SOAT)\u00a0 \u00a0 \u00a0 \u00a0<\/strong><\/div>\n<div style=\"text-align: left;\"><strong>\u2022<img decoding=\"async\" class=\"emoji\" role=\"img\" draggable=\"false\" src=\"https:\/\/s.w.org\/images\/core\/emoji\/17.0.2\/svg\/2705.svg\" alt=\"\u2705\" title=\"\">\u00a0Seguro basico incluido\u00a0<\/strong><\/div>\n<div style=\"text-align: left;\"><strong>\u2022<img decoding=\"async\" class=\"emoji\" role=\"img\" draggable=\"false\" src=\"https:\/\/s.w.org\/images\/core\/emoji\/17.0.2\/svg\/2705.svg\" alt=\"\u2705\" title=\"\">\u00a0Sin costos ocultos<\/strong><\/div>\n<div style=\"text-align: left;\"><strong>\u2022<img decoding=\"async\" class=\"emoji\" role=\"img\" draggable=\"false\" src=\"https:\/\/s.w.org\/images\/core\/emoji\/17.0.2\/svg\/2705.svg\" alt=\"\u2705\" title=\"\">\u00a0Asistencia en carretera 24\/7\u00a0 \u00a0 \u00a0<\/strong><\/div>\n<div style=\"text-align: left;\"><strong>\u2022<img decoding=\"async\" class=\"emoji\" role=\"img\" draggable=\"false\" src=\"https:\/\/s.w.org\/images\/core\/emoji\/17.0.2\/svg\/2705.svg\" alt=\"\u2705\" title=\"\">\u00a0Kilometraje libre eje cafetero<\/strong><\/div>\n<\/div><div class=\"vc_separator wpb_content_element vc_separator_align_center vc_sep_width_100 vc_sep_border_width_10 vc_sep_pos_align_center vc_separator_no_text vc_sep_color_grey\" ><span class=\"vc_sep_holder vc_sep_holder_l\"><span  class=\"vc_sep_line\"><\/span><\/span><span class=\"vc_sep_holder vc_sep_holder_r\"><span  class=\"vc_sep_line\"><\/span><\/span>\n<\/div><h1  style=\"font-size: 4px;color: #ffffff;text-align: center\" class=\"vc_custom_heading\" >Alquiler de carros en el Eje Cafetero | Movirents Colombia<\/h1><div class=\"vc_custom_heading\" ><h2  style=\"color: #dd9933;text-align: center\" >Cotizacion personalizada<\/h2><div class=\"vc_custom_heading__additional\" style=\"text-align:center\">Completa el formulario a continuaci\u00f3n para recibir tu cotizaci\u00f3n y disfruta de una experiencia \u00fanica al volante.<\/div><\/div>\n<div class=\"wpcf7 no-js\" id=\"wpcf7-f162-o1\" lang=\"es-ES\" dir=\"ltr\" data-wpcf7-id=\"162\">\n<div class=\"screen-reader-response\"><p role=\"status\" aria-live=\"polite\" aria-atomic=\"true\"><\/p> <ul><\/ul><\/div>\n<form action=\"\/en\/wp-json\/wp\/v2\/pages\/150#wpcf7-f162-o1\" method=\"post\" class=\"wpcf7-form init\" aria-label=\"Formulario de contacto\" novalidate=\"novalidate\" data-status=\"init\" data-trp-original-action=\"\/en\/wp-json\/wp\/v2\/pages\/150#wpcf7-f162-o1\">\n<fieldset class=\"hidden-fields-container\"><input type=\"hidden\" name=\"_wpcf7\" value=\"162\" \/><input type=\"hidden\" name=\"_wpcf7_version\" value=\"6.1.5\" \/><input type=\"hidden\" name=\"_wpcf7_locale\" value=\"es_ES\" \/><input type=\"hidden\" name=\"_wpcf7_unit_tag\" value=\"wpcf7-f162-o1\" \/><input type=\"hidden\" name=\"_wpcf7_container_post\" value=\"0\" \/><input type=\"hidden\" name=\"_wpcf7_posted_data_hash\" value=\"\" \/><input type=\"hidden\" name=\"_wpcf7cf_hidden_group_fields\" value=\"[]\" \/><input type=\"hidden\" name=\"_wpcf7cf_hidden_groups\" value=\"[]\" \/><input type=\"hidden\" name=\"_wpcf7cf_visible_groups\" value=\"[]\" \/><input type=\"hidden\" name=\"_wpcf7cf_repeaters\" value=\"[]\" \/><input type=\"hidden\" name=\"_wpcf7cf_steps\" value=\"{}\" \/><input type=\"hidden\" name=\"_wpcf7cf_options\" value=\"{&quot;form_id&quot;:162,&quot;conditions&quot;:[],&quot;settings&quot;:{&quot;animation&quot;:&quot;yes&quot;,&quot;animation_intime&quot;:200,&quot;animation_outtime&quot;:200,&quot;conditions_ui&quot;:&quot;normal&quot;,&quot;notice_dismissed&quot;:false,&quot;notice_dismissed_rollback-cf7-6.1.3&quot;:true}}\" \/>\n<\/fieldset>\n<div class=\"wpcf7-form-elements\"><div class=\"form-cotizacion\">\n\t<p><span class=\"input-group\"><br \/>\n<span class=\"wpcf7-form-control-wrap\" data-name=\"nombre\"><input size=\"40\" maxlength=\"400\" class=\"wpcf7-form-control wpcf7-text wpcf7-validates-as-required\" id=\"nombre\" aria-required=\"true\" aria-invalid=\"false\" placeholder=\"\" value=\"\" type=\"text\" name=\"nombre\" \/><\/span><br \/>\n<label for=\"nombre\">Name<\/label><br \/>\n<\/span>\n\t<\/p>\n\t<p><span class=\"input-group\"><br \/>\n<span class=\"wpcf7-form-control-wrap\" data-name=\"email\"><input size=\"40\" maxlength=\"400\" class=\"wpcf7-form-control wpcf7-email wpcf7-validates-as-required wpcf7-text wpcf7-validates-as-email\" id=\"email\" aria-required=\"true\" aria-invalid=\"false\" placeholder=\"\" value=\"\" type=\"email\" name=\"email\" \/><\/span><br \/>\n<label for=\"email\">Email<\/label><br \/>\n<\/span>\n\t<\/p>\n\t<p><span class=\"input-group\"><br \/>\n<span class=\"wpcf7-form-control-wrap\" data-name=\"telefono\"><input size=\"40\" maxlength=\"400\" class=\"wpcf7-form-control wpcf7-tel wpcf7-validates-as-required wpcf7-text wpcf7-validates-as-tel\" id=\"telefono\" aria-required=\"true\" aria-invalid=\"false\" placeholder=\"\" value=\"\" type=\"tel\" name=\"telefono\" \/><\/span><br \/>\n<label for=\"telefono\">Phone<\/label><br \/>\n<\/span>\n\t<\/p>\n\t<p><span class=\"input-group\"><br \/>\n<span class=\"wpcf7-form-control-wrap\" data-name=\"ciudad\"><select class=\"wpcf7-form-control wpcf7-select wpcf7-validates-as-required\" id=\"ciudad\" aria-required=\"true\" aria-invalid=\"false\" name=\"ciudad\"><option value=\"\">&#8212;Por favor, elige una opci\u00f3n&#8212;<\/option><option value=\"Pereira\">Pereira<\/option><option value=\"Armenia\">Armenia<\/option><option value=\"Manizales\">Manizales<\/option><option value=\"Otro\">Otro<\/option><\/select><\/span><br \/>\n<label for=\"ciudad\">City<\/label><br \/>\n<\/span>\n\t<\/p>\n\t<p><span class=\"input-group\"><br \/>\n<span class=\"wpcf7-form-control-wrap\" data-name=\"otra_ciudad\"><input size=\"40\" maxlength=\"400\" class=\"wpcf7-form-control wpcf7-text\" id=\"otra_ciudad\" aria-invalid=\"false\" placeholder=\"\" value=\"\" type=\"text\" name=\"otra_ciudad\" \/><\/span><br \/>\n<label for=\"otra_ciudad\">If you chose 'Other', write the city<\/label><br \/>\n<\/span>\n\t<\/p>\n\t<p><span class=\"input-group\"><br \/>\n<span class=\"wpcf7-form-control-wrap\" data-name=\"tipo_vehiculo\"><select class=\"wpcf7-form-control wpcf7-select wpcf7-validates-as-required\" id=\"tipo_vehiculo\" aria-required=\"true\" aria-invalid=\"false\" name=\"tipo_vehiculo\"><option value=\"\">&#8212;Por favor, elige una opci\u00f3n&#8212;<\/option><option value=\"Econ\u00f3mico\">Econ\u00f3mico<\/option><option value=\"Sed\u00e1n\">Sed\u00e1n<\/option><option value=\"SUV\">SUV<\/option><option value=\"Camioneta\">Suv<\/option><option value=\"Lujo\">Lujo<\/option><\/select><\/span><br \/>\n<label for=\"tipo_vehiculo\">Vehicle type<\/label><br \/>\n<\/span>\n\t<\/p>\n\t<p><span class=\"input-group\"><br \/>\n<span class=\"wpcf7-form-control-wrap\" data-name=\"fecha_recogida\"><input class=\"wpcf7-form-control wpcf7-date wpcf7-validates-as-required wpcf7-validates-as-date\" id=\"fecha_recogida\" aria-required=\"true\" aria-invalid=\"false\" placeholder=\"\" value=\"\" type=\"date\" name=\"fecha_recogida\" \/><\/span><br \/>\n<label for=\"fecha_recogida\">Pickup date<\/label><br \/>\n<\/span>\n\t<\/p>\n\t<p><span class=\"input-group\"><br \/>\n<span class=\"wpcf7-form-control-wrap\" data-name=\"hora_recogida\"><input size=\"40\" maxlength=\"400\" class=\"wpcf7-form-control wpcf7-text wpcf7-validates-as-required\" id=\"hora_recogida\" aria-required=\"true\" aria-invalid=\"false\" placeholder=\"Ej: 08:30\" value=\"\" type=\"text\" name=\"hora_recogida\" \/><\/span><br \/>\n<label for=\"hora_recogida\">Pickup time<\/label><br \/>\n<\/span>\n\t<\/p>\n\t<p><span class=\"input-group\"><br \/>\n<span class=\"wpcf7-form-control-wrap\" data-name=\"fecha_entrega\"><input class=\"wpcf7-form-control wpcf7-date wpcf7-validates-as-required wpcf7-validates-as-date\" id=\"fecha_entrega\" aria-required=\"true\" aria-invalid=\"false\" placeholder=\"\" value=\"\" type=\"date\" name=\"fecha_entrega\" \/><\/span><br \/>\n<label for=\"fecha_entrega\">Return date<\/label><br \/>\n<\/span>\n\t<\/p>\n\t<p><span class=\"input-group\"><br \/>\n<span class=\"wpcf7-form-control-wrap\" data-name=\"hora_entrega\"><input size=\"40\" maxlength=\"400\" class=\"wpcf7-form-control wpcf7-text wpcf7-validates-as-required\" id=\"hora_entrega\" aria-required=\"true\" aria-invalid=\"false\" placeholder=\"Ej: 18:00\" value=\"\" type=\"text\" name=\"hora_entrega\" \/><\/span><br \/>\n<label for=\"hora_entrega\">Return Time<\/label><br \/>\n<\/span>\n\t<\/p>\n\t<p><span class=\"input-group\"><br \/>\n<span class=\"wpcf7-form-control-wrap\" data-name=\"mensaje\"><textarea cols=\"40\" rows=\"10\" maxlength=\"2000\" class=\"wpcf7-form-control wpcf7-textarea\" id=\"mensaje\" aria-invalid=\"false\" placeholder=\"\" name=\"mensaje\"><\/textarea><\/span><br \/>\n<label for=\"mensaje\">Additional message<\/label><br \/>\n<\/span>\n\t<\/p>\n\t<div class=\"cf7-cf-turnstile\" style=\"margin-top: 0px; margin-bottom: -15px;\"> <div id=\"cf-turnstile-cf7-2152655104\" class=\"cf-turnstile\" data-sitekey=\"0x4AAAAAABiiJ75RDAfy3V-X\" data-theme=\"light\" data-language=\"auto\" data-size=\"normal\" data-retry=\"auto\" data-retry-interval=\"1000\" data-refresh-expired=\"auto\" data-refresh-timeout=\"auto\" data-action=\"contact-form-7\" data-callback=\"turnstileCF7Callback\" data-appearance=\"always\"><\/div> <script>document.addEventListener(\"DOMContentLoaded\", function() { setTimeout(function(){ var e=document.getElementById(\"cf-turnstile-cf7-2152655104\"); if(e&&!e.innerHTML.trim()){turnstile.render(e, {sitekey:\"0x4AAAAAABiiJ75RDAfy3V-X\"});} }, 200); });<\/script> <br class=\"cf-turnstile-br cf-turnstile-br-cf7-2152655104\"> <style>#cf-turnstile-cf7-2152655104 { margin-left: -15px; }<\/style> <script>document.addEventListener(\"DOMContentLoaded\",function(){document.querySelectorAll('.wpcf7-form').forEach(function(e){e.addEventListener('submit',function(){if(document.getElementById('cf-turnstile-cf7-2152655104')){setTimeout(function(){turnstile.reset('#cf-turnstile-cf7-2152655104');},1000)}})})});<\/script> <\/div><br\/><input class=\"wpcf7-form-control wpcf7-submit has-spinner\" type=\"submit\" value=\"Request your Price\" \/>\n\t<\/p>\n<\/div><input type=\"hidden\" id=\"ct_checkjs_cf7_8e82ab7243b7c66d768f1b8ce1c967eb\" name=\"ct_checkjs_cf7\" value=\"0\" \/><script >setTimeout(function(){var ct_input_name = \"ct_checkjs_cf7_8e82ab7243b7c66d768f1b8ce1c967eb\";if (document.getElementById(ct_input_name) !== null) {var ct_input_value = document.getElementById(ct_input_name).value;document.getElementById(ct_input_name).value = document.getElementById(ct_input_name).value.replace(ct_input_value, '341756012');}}, 1000);<\/script><input\n                    class=\"apbct_special_field apbct_email_id__wp_contact_form_7\"\n                    name=\"apbct__email_id__wp_contact_form_7\"\n                    aria-label=\"apbct__label_id__wp_contact_form_7\"\n                    type=\"text\" size=\"30\" maxlength=\"200\" autocomplete=\"off\"\n                    value=\"\"\n                \/><\/div><div class=\"wpcf7-response-output\" aria-hidden=\"true\"><\/div>\n<input type=\"hidden\" name=\"trp-form-language\" value=\"en\"\/><\/form>\n<\/div>\n<div class=\"vc_separator wpb_content_element vc_separator_align_center vc_sep_width_100 vc_sep_pos_align_center vc_separator_no_text vc_sep_color_grey\" ><span class=\"vc_sep_holder vc_sep_holder_l\"><span  class=\"vc_sep_line\"><\/span><\/span><span class=\"vc_sep_holder vc_sep_holder_r\"><span  class=\"vc_sep_line\"><\/span><\/span>\n<\/div><\/div><\/div><\/div><\/div><\/div>","protected":false},"excerpt":{"rendered":"\ud83d\udcf2 Reserva tu carro ahora \u2022\u00a0Reserva Rapida \u2022\u00a0Mantenimientos al d\u00eda\u00a0 \u00a0 \u00a0 \u00a0 \u00a0 \u2022\u00a0Seguros obligatorios (SOAT)\u00a0 \u00a0 \u00a0 \u00a0 \u2022\u00a0Seguro basico incluido\u00a0 \u2022\u00a0Sin costos&hellip;<p><a href=\"https:\/\/movirentscolombia.com\/en\/\" class=\"read-more-link\">Read more<\/a><\/p>","protected":false},"author":1,"featured_media":0,"parent":0,"menu_order":0,"comment_status":"closed","ping_status":"closed","template":"","meta":{"_joinchat":[],"footnotes":""},"class_list":["post-150","page","type-page","status-publish","hentry"],"jetpack_sharing_enabled":true,"_links":{"self":[{"href":"https:\/\/movirentscolombia.com\/en\/wp-json\/wp\/v2\/pages\/150","targetHints":{"allow":["GET"]}}],"collection":[{"href":"https:\/\/movirentscolombia.com\/en\/wp-json\/wp\/v2\/pages"}],"about":[{"href":"https:\/\/movirentscolombia.com\/en\/wp-json\/wp\/v2\/types\/page"}],"author":[{"embeddable":true,"href":"https:\/\/movirentscolombia.com\/en\/wp-json\/wp\/v2\/users\/1"}],"replies":[{"embeddable":true,"href":"https:\/\/movirentscolombia.com\/en\/wp-json\/wp\/v2\/comments?post=150"}],"version-history":[{"count":22,"href":"https:\/\/movirentscolombia.com\/en\/wp-json\/wp\/v2\/pages\/150\/revisions"}],"predecessor-version":[{"id":1329,"href":"https:\/\/movirentscolombia.com\/en\/wp-json\/wp\/v2\/pages\/150\/revisions\/1329"}],"wp:attachment":[{"href":"https:\/\/movirentscolombia.com\/en\/wp-json\/wp\/v2\/media?parent=150"}],"curies":[{"name":"wp","href":"https:\/\/api.w.org\/{rel}","templated":true}]}}