{"id":316,"date":"2021-07-22T01:13:11","date_gmt":"2021-07-22T01:13:11","guid":{"rendered":"https:\/\/movirentscolombia.com\/?page_id=316"},"modified":"2025-09-17T18:07:09","modified_gmt":"2025-09-17T18:07:09","slug":"preguntas-frecuentes","status":"publish","type":"page","link":"https:\/\/movirentscolombia.com\/en\/preguntas-frecuentes\/","title":{"rendered":"FAQs"},"content":{"rendered":"<div class=\"vc_row wpb_row vc_row-fluid om-container content-pane\"><div class=\"om-container\"><div class=\"wpb_column vc_column_container vc_col-sm-12\"><div class=\"vc_column-inner\"><div class=\"wpb_wrapper\"><h1  style=\"font-size: 17px;text-align: center\" class=\"vc_custom_heading\" >Preguntas Frecuentes Alquiler de vehiculos<\/h1><\/div><\/div><\/div><\/div><\/div><div class=\"vc_row wpb_row vc_row-fluid om-container content-pane\"><div class=\"om-container\"><div class=\"wpb_column vc_column_container vc_col-sm-12\"><div class=\"vc_column-inner\"><div class=\"wpb_wrapper\"><div  class=\"vc_toggle vc_toggle_default vc_toggle_color_default  vc_toggle_size_md\"><div class=\"vc_toggle_title\"><h4>1. Quienes somos?<\/h4><i class=\"vc_toggle_icon\"><\/i><\/div><div class=\"vc_toggle_content\"><p>MOVIRENTS COLOMBIA: Alquiler de confianza en el coraz\u00f3n del Eje Cafetero \ud83c\udde8\ud83c\uddf4<br \/>\nSomos una empresa de alquiler de veh\u00edculos fundada en Armenia con un solo objetivo: brindar soluciones r\u00e1pidas y confiables para quienes necesitan movilizarse en la regi\u00f3n.<br \/>\nNos diferenciamos por nuestro trato humano, veh\u00edculos impecables y procesos sencillos.<\/p>\n<p>Conf\u00eda en nosotros para tu pr\u00f3xima aventura o viaje de trabajo. MOVIRENTS es movilidad\u00a0sin\u00a0estr\u00e9s.<\/p>\n<\/div><\/div><\/div><\/div><\/div><\/div><\/div><div class=\"vc_row wpb_row vc_row-fluid om-container content-pane\"><div class=\"om-container\"><div class=\"wpb_column vc_column_container vc_col-sm-12\"><div class=\"vc_column-inner\"><div class=\"wpb_wrapper\"><div  class=\"vc_toggle vc_toggle_default vc_toggle_color_default  vc_toggle_size_md\"><div class=\"vc_toggle_title\"><h4>2. \u00bfQu\u00e9 necesito para alquilar un carro con Movirents?<\/h4><i class=\"vc_toggle_icon\"><\/i><\/div><div class=\"vc_toggle_content\"><p>Debes tener m\u00e1s de 21 a\u00f1os, presentar tu c\u00e9dula de ciudadan\u00eda, licencia de conducci\u00f3n vigente, tarjeta de cr\u00e9dito para avalar garant\u00eda y realizar el pago total del alquiler.<\/p>\n<\/div><\/div><\/div><\/div><\/div><\/div><\/div><div class=\"vc_row wpb_row vc_row-fluid om-container content-pane\"><div class=\"om-container\"><div class=\"wpb_column vc_column_container vc_col-sm-12\"><div class=\"vc_column-inner\"><div class=\"wpb_wrapper\"><div  class=\"vc_toggle vc_toggle_default vc_toggle_color_default  vc_toggle_size_md\"><div class=\"vc_toggle_title\"><h4>3. \u00bfPuedo alquilar un carro si soy extranjero?<\/h4><i class=\"vc_toggle_icon\"><\/i><\/div><div class=\"vc_toggle_content\"><p>\u00a1S\u00ed! Solo necesitas tu pasaporte, licencia internacional o nacional v\u00e1lida, y un medio de pago. Tambi\u00e9n puedes pagar en efectivo si est\u00e1s en Colombia.<\/p>\n<\/div><\/div><\/div><\/div><\/div><\/div><\/div><div class=\"vc_row wpb_row vc_row-fluid om-container content-pane\"><div class=\"om-container\"><div class=\"wpb_column vc_column_container vc_col-sm-12\"><div class=\"vc_column-inner\"><div class=\"wpb_wrapper\"><div  class=\"vc_toggle vc_toggle_default vc_toggle_color_default  vc_toggle_size_md\"><div class=\"vc_toggle_title\"><h4>4. \u00bfEn qu\u00e9 ciudades prestan servicio?<\/h4><i class=\"vc_toggle_icon\"><\/i><\/div><div class=\"vc_toggle_content\"><p>Ofrecemos alquiler de veh\u00edculos en Armenia, Pereira, Manizales y otros destinos del Eje Cafetero. Tambi\u00e9n entregamos en el Aeropuerto El Ed\u00e9n, Mateca\u00f1a y en tu hotel o lugar de preferencia.<\/p>\n<\/div><\/div><\/div><\/div><\/div><\/div><\/div><div class=\"vc_row wpb_row vc_row-fluid om-container content-pane\"><div class=\"om-container\"><div class=\"wpb_column vc_column_container vc_col-sm-12\"><div class=\"vc_column-inner\"><div class=\"wpb_wrapper\"><div  class=\"vc_toggle vc_toggle_default vc_toggle_color_default  vc_toggle_size_md\"><div class=\"vc_toggle_title\"><h4>5. \u00bfQu\u00e9 incluye el alquiler?<\/h4><i class=\"vc_toggle_icon\"><\/i><\/div><div class=\"vc_toggle_content\"><p>Todos nuestros veh\u00edculos se entregan con combustible, revisi\u00f3n t\u00e9cnica al d\u00eda, seguro obligatorio y asistencia en carretera. Tambi\u00e9n ofrecemos GPS, silla para beb\u00e9 y otros extras.<\/p>\n<\/div><\/div><\/div><\/div><\/div><\/div><\/div><div class=\"vc_row wpb_row vc_row-fluid om-container content-pane\"><div class=\"om-container\"><div class=\"wpb_column vc_column_container vc_col-sm-12\"><div class=\"vc_column-inner\"><div class=\"wpb_wrapper\"><div  class=\"vc_toggle vc_toggle_default vc_toggle_color_default  vc_toggle_size_md\"><div class=\"vc_toggle_title\"><h4>6. \u00bfC\u00f3mo puedo reservar?<\/h4><i class=\"vc_toggle_icon\"><\/i><\/div><div class=\"vc_toggle_content\"><p>Puedes reservar f\u00e1cilmente escribiendo a nuestro WhatsApp. Solo dinos la ciudad, fechas, tipo de carro y punto de entrega. \u00a1Y listo!<\/p>\n<\/div><\/div><\/div><\/div><\/div><\/div><\/div><div class=\"vc_row wpb_row vc_row-fluid om-container content-pane\"><div class=\"om-container\"><div class=\"wpb_column vc_column_container vc_col-sm-12\"><div class=\"vc_column-inner\"><div class=\"wpb_wrapper\"><div  class=\"vc_toggle vc_toggle_default vc_toggle_color_default  vc_toggle_size_md\"><div class=\"vc_toggle_title\"><h4>7. \u00bfCu\u00e1l es el precio del alquiler?<\/h4><i class=\"vc_toggle_icon\"><\/i><\/div><div class=\"vc_toggle_content\"><p>Los precios var\u00edan seg\u00fan el veh\u00edculo y la temporada, pero comienzan desde $170.000 COP por d\u00eda. Consulta disponibilidad para recibir una cotizaci\u00f3n personalizada.<\/p>\n<\/div><\/div><\/div><\/div><\/div><\/div><\/div><div class=\"vc_row wpb_row vc_row-fluid om-container content-pane\"><div class=\"om-container\"><div class=\"wpb_column vc_column_container vc_col-sm-12\"><div class=\"vc_column-inner\"><div class=\"wpb_wrapper\"><div  class=\"vc_toggle vc_toggle_default vc_toggle_color_default  vc_toggle_size_md\"><div class=\"vc_toggle_title\"><h4>8. \u00bfHacen entregas a domicilio?<\/h4><i class=\"vc_toggle_icon\"><\/i><\/div><div class=\"vc_toggle_content\"><p>S\u00ed. Entregamos el veh\u00edculo en tu hotel, terminal, aeropuerto o donde lo necesites dentro de las ciudades que cubrimos, en algunos lugares pueden tener costo adicional.<\/p>\n<\/div><\/div><\/div><\/div><\/div><\/div><\/div>","protected":false},"excerpt":{"rendered":"Preguntas Frecuentes Alquiler de vehiculos1. Quienes somos?MOVIRENTS COLOMBIA: Alquiler de confianza en el coraz\u00f3n del Eje Cafetero \ud83c\udde8\ud83c\uddf4 Somos una empresa de alquiler de veh\u00edculos&hellip;<p><a href=\"https:\/\/movirentscolombia.com\/en\/preguntas-frecuentes\/\" class=\"read-more-link\">Read more<\/a><\/p>","protected":false},"author":1,"featured_media":0,"parent":0,"menu_order":0,"comment_status":"closed","ping_status":"closed","template":"","meta":{"_joinchat":[],"footnotes":""},"class_list":["post-316","page","type-page","status-publish","hentry"],"jetpack_sharing_enabled":true,"_links":{"self":[{"href":"https:\/\/movirentscolombia.com\/en\/wp-json\/wp\/v2\/pages\/316","targetHints":{"allow":["GET"]}}],"collection":[{"href":"https:\/\/movirentscolombia.com\/en\/wp-json\/wp\/v2\/pages"}],"about":[{"href":"https:\/\/movirentscolombia.com\/en\/wp-json\/wp\/v2\/types\/page"}],"author":[{"embeddable":true,"href":"https:\/\/movirentscolombia.com\/en\/wp-json\/wp\/v2\/users\/1"}],"replies":[{"embeddable":true,"href":"https:\/\/movirentscolombia.com\/en\/wp-json\/wp\/v2\/comments?post=316"}],"version-history":[{"count":0,"href":"https:\/\/movirentscolombia.com\/en\/wp-json\/wp\/v2\/pages\/316\/revisions"}],"wp:attachment":[{"href":"https:\/\/movirentscolombia.com\/en\/wp-json\/wp\/v2\/media?parent=316"}],"curies":[{"name":"wp","href":"https:\/\/api.w.org\/{rel}","templated":true}]}}