{"id":443,"date":"2023-09-18T18:50:00","date_gmt":"2023-09-18T18:50:00","guid":{"rendered":"https:\/\/movirentscolombia.com\/?page_id=443"},"modified":"2026-02-21T15:23:31","modified_gmt":"2026-02-21T15:23:31","slug":"politica-de-privacidad","status":"publish","type":"page","link":"https:\/\/movirentscolombia.com\/en\/politica-de-privacidad\/","title":{"rendered":"Privacy Policy"},"content":{"rendered":"<div class=\"vc_row wpb_row vc_row-fluid om-container content-pane\"><div class=\"om-container\"><div class=\"wpb_column vc_column_container vc_col-sm-12\"><div class=\"vc_column-inner\"><div class=\"wpb_wrapper\">\n\t<div class=\"wpb_text_column wpb_content_element\" >\n\t\t<div class=\"wpb_wrapper\">\n\t\t\t<p>This Privacy Notice (hereinafter the \u201cNotice\u201d) establishes the terms and conditions under which <strong>MOVIRENTS COLOMBIA<\/strong> , identificado con nit 1088288328-8 y con domicilio Av. 30 Agosto # 68-125 Ca\u00f1averal 2 Local 26 Oficina Principal Pereira &#8211; Risaralda realizar\u00e1 el tratamiento de sus datos personales.<\/p>\n<p><strong>TREATMENT AND PURPOSE:<\/strong><br \/>\nThe treatment that MOVIRENTS COLOMBIA will carry out with the information<br \/>\npersonnel will be the following:<\/p>\n<p>The collection, storage, use, circulation, consultations or deletion for the fulfillment of the corporate purpose of our company.<\/p>\n<p><strong>MOVIRENTS COLOMBIA<\/strong>, identified with NIT No. 1088288328 -8, as responsible for the processing of personal data and in accordance with the provisions of Law 1581 of 2012 and law 1377 of 2013, requests your authorization so that, freely, prior, express and voluntarily allows the processing of personal data.<\/p>\n<p>Such authorization will allow <strong>MOVIRENTS COLOMBIA<\/strong>, collect, transfer, store, use, circulate, delete, share, update and transmit, in accordance with the Procedure for the processing of personal data in an attempt to fulfill the following purposes:<\/p>\n<p>The personal data that <strong>MOVIRENTS COLOMBIA<\/strong> collect through its different transactional channels, will be used to offer and\/or inform you, where appropriate, of other products and\/or services provided by <strong>MOVIRENTS COLOMBIA<\/strong> or any of its subsidiaries.<\/p>\n<p>In the event that sensitive data is requested, those that affect the privacy of the owner or whose improper use may generate discrimination, such as those that reveal racial or ethnic origin, political orientation, religious or philosophical convictions, union membership. , social organizations, human rights organizations or that promote the interests of any political party or that guarantee the rights and guarantees of opposition political parties, as well as data related to health, sexual life, biometric data, you are not obliged to authorize your treatment.<\/p>\n<p>De conformidad con los procedimientos contenidos en las normas indicadas, los titulares podr\u00e1n ejercer en cualquier momento su derecho de conocer actualizar, rectificar, y solicitar la suspensi\u00f3n de sus datos personales y\/o revocar su autorizaci\u00f3n, comunic\u00e1ndose mediante el correo electr\u00f3nico <span \n                data-original-string='8ybqnVfjpYA0S3\/UP6+BzQ==bb5xgz3sdnDtEHrMri0dTBLbI5NXlccD7P2OhnK5zl2Kas='\n                class='apbct-email-encoder'\n                title='This contact has been encoded by Anti-Spam by CleanTalk. Click to decode. To finish the decoding make sure that JavaScript is enabled in your browser.'>mo<span class=\"apbct-blur\">***************<\/span>@<span class=\"apbct-blur\">***<\/span>il.com<\/span> o por medio de voz a el n\u00famero de tel\u00e9fono +57 313 639 5545.<\/p>\n<h3>GENERAL CONDITIONS FOR VEHICLE LEASING<\/h3>\n<ul>\n<li>Al realizar el servicio y en esta reserva, el usuario se compromete a cumplir con los t\u00e9rminos y condiciones establecidos a continuaci\u00f3n. Se aceptar\u00e1n y se llevar\u00e1n a cabo todas las condiciones detalladas en este documento.<\/li>\n<li>El veh\u00edculo reservado puede ser cambiado antes de la entrega a una gama similar debido a las condiciones del pico y placa en la ciudad donde se programa la reserva, no se realizan cambios de veh\u00edculo durante el servicio por pico y placa.<\/li>\n<li>Kilometraje ilimitado en el Eje Cafetero. El usuario deber\u00e1 confirmar las ciudades en las que utilizar\u00e1 el veh\u00edculo, ya que el kilometraje depender\u00e1 de la cantidad de d\u00edas pactadas en el contrato de arrendamiento. Esto podr\u00eda generar costos adicionales si el veh\u00edculo se utiliza fuera de las ciudades previamente acordadas con la empresa de alquiler.<\/li>\n<\/ul>\n<p>La renta m\u00ednima es de 2 d\u00edas con kilometraje libre, aplicable solo en el Eje Cafetero. Para recorridos en el valle, se requiere un m\u00ednimo de 3 d\u00edas de renta, mientras que en Antioquia se necesita un m\u00ednimo de 4 d\u00edas de renta.<\/p>\n<p>Documentos para presentar al momento de recibir el veh\u00edculo.<\/p>\n<p>\u00b7 C\u00e9dula o pasaporte vigente<br \/>\n\u00b7 Licencia Vigente<br \/>\n\u00b7 Tarjeta de cr\u00e9dito para avalar garant\u00eda \/ \u00fanicamente tarjetas expedidas por bancos<br \/>\n(Visa \u00b7 Mastercard \u00b7 American Express)<\/p>\n<ul>\n<li>Conductor adicional sin costo: para incluir este servicio en el contrato de alquiler, solo es necesario presentar los documentos requeridos, como la c\u00e9dula y la licencia vigente.<\/li>\n<li>Cada d\u00eda de renta es de 24 horas, el veh\u00edculo se debe retornado en las mismas horas que este fue recibido, si es una hora diferente debe ser programada con el asesor que atendi\u00f3 la reserva o se cobrara costo adicional por estas.<\/li>\n<\/ul>\n<p>Tarifas Horas Extras<br \/>\nVeh\u00edculo $35.000 Camioneta $45.000 x hora<\/p>\n<p>Despu\u00e9s de la 4ta hora de renta se realizara cobro de d\u00eda completo del veh\u00edculo.<\/p>\n<ul>\n<li>El importe del alquiler m\u00e1s el lavado debe abonarse en su totalidad al momento de recibir el veh\u00edculo.<\/li>\n<li>El veh\u00edculo debe ser retornado en las mismas condiciones que se entrega, lavado y con la misma cantidad de combustible, si este es retornado sucio o con menos cantidad de combustible del recibido se cobrar\u00e1 el costo adicional por lavada y por gasolina en efectivo.<\/li>\n<\/ul>\n<p>Lavadas: Veh\u00edculo $30.000 Camioneta $40.000<\/p>\n<p>Informaci\u00f3n para tener en cuenta:<\/p>\n<ul>\n<li>El veh\u00edculo reservado en el momento de la entrega, puede ser el mismo o similar, de igual manera se le har\u00e1 entrega de un veh\u00edculo con las mismas caracter\u00edsticas.<\/li>\n<li>Por favor, pendientes el d\u00eda de su llegada en la salida de los vuelos en el aeropuerto al letrero a su nombre o al tel\u00e9fono de contacto que nos env\u00edo en la reserva, uno de nuestros asesores los estar\u00e1 esperando o los contactar\u00e1 para realizar la entrega del veh\u00edculo.<\/li>\n<li>Los cambios en las reservas o cancelaciones deben hacerse con al menos 24 horas de anticipaci\u00f3n. Para ello, comun\u00edquese con la central de reservas al +57 313 639 5545. Si la cancelaci\u00f3n no se efect\u00faa dentro de este plazo, podr\u00eda incurrir en costos por incumplimiento, equivalentes a un d\u00eda de alquiler del veh\u00edculo acordado.<\/li>\n<li>En los veh\u00edculos est\u00e1 prohibido fumar; de hacerlo, se aplicar\u00e1 una multa de $250,000, la cual corresponde al lavado completo del veh\u00edculo y al cambio de filtros.<\/li>\n<li>Las mascotas son bienvenidas en los veh\u00edculos, pero es necesario devolverlos completamente limpios. De lo contrario, se aplicar\u00e1 una multa de $220,000 para cubrir la limpieza interior completa del veh\u00edculo. Adem\u00e1s, se debe tener cuidado con los ara\u00f1azos en las puertas y los asientos, causados por las u\u00f1as de nuestros amigos peludos.<\/li>\n<\/ul>\n<p>Seguro b\u00e1sico incluido en la tarifa :<\/p>\n<p>Deducible m\u00ednimo Veh\u00edculos $2.400.000 &#8211; Suvs $2.800.000 &#8211; Camionetas $3.200.000<\/p>\n<p>P\u00e9rdida parcial 90%<br \/>\nP\u00e9rdida Total 90%<br \/>\nRobo 90%<br \/>\nDa\u00f1os terceros<br \/>\nNo cubre da\u00f1o en llantas &#8211; p\u00e9rdida de llaves &#8211; Cojineria &#8211; da\u00f1os en el interior del veh\u00edculo &#8211; Da\u00f1o llanta repuesto &#8211; Perdida de documentos &#8211; Descarga de bater\u00eda por mal uso.<\/p>\n<ul>\n<li>Los cargos generados durante el servicio podr\u00e1n ser realizados sin aviso previo directamente a la tarjeta de cr\u00e9dito que se encuentra registrada en el contrato de arrendamiento.<\/li>\n<\/ul>\n<p style=\"font-weight: 400;\"><strong>REASONS TO DETERMINE THE CANCELLATION OF INCOME<\/strong><\/p>\n<ul>\n<li style=\"font-weight: 400;\">Inconsistency in documentation at the time of picking up the vehicle.<\/li>\n<li style=\"font-weight: 400;\">Failure of the client to appear at the time and date of the rental without giving prior notice.<\/li>\n<li style=\"font-weight: 400;\">The non-presence of the holder of the credit card that guarantees the guarantee.<\/li>\n<li style=\"font-weight: 400;\">Once your rent payment has been made, there is no refund.<\/li>\n<li>After the reservation time has passed, the user has 60 minutes to make it<br \/>\neffective. After time it will be canceled automatically.<\/li>\n<\/ul>\n<p style=\"font-weight: 400;\">Nuestra empresa no hace devoluci\u00f3n de los dineros recibidos por conceptos de renta o reserva despu\u00e9s de facturado e iniciado el servicio.<\/p>\n<p><a href=\"https:\/\/movirentscolombia.com\/wp-content\/uploads\/2023\/09\/Contrato-de-Arrendamiento-Movirents.pdf\"><strong>Movirents lease contract<\/strong><\/a><\/p>\n\n\t\t<\/div>\n\t<\/div>\n<\/div><\/div><\/div><\/div><\/div>","protected":false},"excerpt":{"rendered":"El presente Aviso de Privacidad (en adelante el \u201cAviso\u201d) establece los t\u00e9rminos y condiciones en virtud de los cuales MOVIRENTS COLOMBIA , identificado con nit&hellip;<p><a href=\"https:\/\/movirentscolombia.com\/en\/politica-de-privacidad\/\" class=\"read-more-link\">Read more<\/a><\/p>","protected":false},"author":1,"featured_media":0,"parent":0,"menu_order":0,"comment_status":"closed","ping_status":"closed","template":"","meta":{"_joinchat":[],"footnotes":""},"class_list":["post-443","page","type-page","status-publish","hentry"],"jetpack_sharing_enabled":true,"_links":{"self":[{"href":"https:\/\/movirentscolombia.com\/en\/wp-json\/wp\/v2\/pages\/443","targetHints":{"allow":["GET"]}}],"collection":[{"href":"https:\/\/movirentscolombia.com\/en\/wp-json\/wp\/v2\/pages"}],"about":[{"href":"https:\/\/movirentscolombia.com\/en\/wp-json\/wp\/v2\/types\/page"}],"author":[{"embeddable":true,"href":"https:\/\/movirentscolombia.com\/en\/wp-json\/wp\/v2\/users\/1"}],"replies":[{"embeddable":true,"href":"https:\/\/movirentscolombia.com\/en\/wp-json\/wp\/v2\/comments?post=443"}],"version-history":[{"count":5,"href":"https:\/\/movirentscolombia.com\/en\/wp-json\/wp\/v2\/pages\/443\/revisions"}],"predecessor-version":[{"id":978,"href":"https:\/\/movirentscolombia.com\/en\/wp-json\/wp\/v2\/pages\/443\/revisions\/978"}],"wp:attachment":[{"href":"https:\/\/movirentscolombia.com\/en\/wp-json\/wp\/v2\/media?parent=443"}],"curies":[{"name":"wp","href":"https:\/\/api.w.org\/{rel}","templated":true}]}}