{"id":573,"date":"2023-09-18T21:35:03","date_gmt":"2023-09-18T21:35:03","guid":{"rendered":"https:\/\/movirentscolombia.com\/?page_id=573"},"modified":"2025-09-17T18:05:07","modified_gmt":"2025-09-17T18:05:07","slug":"nuestra-empresa","status":"publish","type":"page","link":"https:\/\/movirentscolombia.com\/en\/nuestra-empresa\/","title":{"rendered":"Our company"},"content":{"rendered":"<div class=\"vc_row wpb_row vc_row-fluid om-container content-pane\"><div class=\"om-container\"><div class=\"wpb_column vc_column_container vc_col-sm-12\"><div class=\"vc_column-inner\"><div class=\"wpb_wrapper\"><h1  style=\"font-size: 17px;text-align: center\" class=\"vc_custom_heading\" >MOVIRENTS COLOMBIA RENTACAR<\/h1><\/div><\/div><\/div><\/div><\/div><div class=\"vc_row wpb_row vc_row-fluid om-container content-pane\"><div class=\"om-container\"><div class=\"wpb_column vc_column_container vc_col-sm-12\"><div class=\"vc_column-inner\"><div class=\"wpb_wrapper\">\n\t<div class=\"wpb_text_column wpb_content_element\" >\n\t\t<div class=\"wpb_wrapper\">\n\t\t\t<h4 id=\"movirents-colombia\" class=\"wp-block-heading has-luminous-vivid-amber-color has-text-color\"><\/h4>\n<div class=\"wp-block-columns is-layout-flex wp-container-3 wp-block-columns-is-layout-flex\">\n<div class=\"wp-block-column is-layout-flow wp-block-column-is-layout-flow\">\n<p><span class=\"OYPEnA text-decoration-none text-strikethrough-none\">Our company is specialized in vehicle rental in Colombia, with headquarters in the city of Pereira Risaralda. We are proud to stand out for our excellent customer service, our personalized attention and the fulfillment of our promises. We are eager to offer you a unique experience with us. We are committed to performing exceptional work in record time without sacrificing the quality of our services.<\/span><\/p>\n<p><strong>Corporate values:<\/strong><\/p>\n<ul>\n<li>Our compliance<\/li>\n<li>Our punctuality<\/li>\n<li>Always kindness<\/li>\n<li>Dedication in everything<\/li>\n<li>Respect for our team and our clients<\/li>\n<li>Transparency in everything we do<\/li>\n<li>Authenticity to be the best<\/li>\n<\/ul>\n<\/div>\n<\/div>\n<p><strong>Fleet\u00a0<\/strong><b>Vehicles<\/b><\/p>\n<p><span class=\"OYPEnA text-decoration-none text-strikethrough-none\">We offer a wide variety of vehicle options in our fleet, ranging from economy models to 7-passenger vans. Additionally, most of our vehicles are automatic. For more details about available versions, visit our home page.<\/span><\/p>\n<p><span class=\"OYPEnA text-decoration-none text-strikethrough-none\">Car rental in the Coffee Region \u2013 Don't miss out on yours! We are available to help you.<\/span><\/p>\n<div class=\"wp-block-columns is-layout-flex wp-container-3 wp-block-columns-is-layout-flex\">\n<div class=\"wp-block-column is-layout-flow wp-block-column-is-layout-flow\">\n<pre class=\"block-editor-rich-text__editable block-editor-block-list__block wp-block has-text-align-center is-selected wp-block-verse rich-text\" tabindex=\"0\" role=\"document\" contenteditable=\"true\" aria-multiline=\"true\" aria-label=\"Bloque: Verso\" data-block=\"7135e890-eb16-4755-8461-90ed78ed33b1\" data-type=\"core\/verse\" data-title=\"Verso\"><\/pre>\n<\/div>\n<\/div>\n\n\t\t<\/div>\n\t<\/div>\n<\/div><\/div><\/div><\/div><\/div>","protected":false},"excerpt":{"rendered":"MOVIRENTS COLOMBIA RENTACAR Nuestra compa\u00f1\u00eda est\u00e1 especializada en el alquiler de veh\u00edculos en Colombia, con sede en la ciudad de Pereira Risaralda. Nos enorgullece destacar&hellip;<p><a href=\"https:\/\/movirentscolombia.com\/en\/nuestra-empresa\/\" class=\"read-more-link\">Read more<\/a><\/p>","protected":false},"author":1,"featured_media":0,"parent":0,"menu_order":0,"comment_status":"closed","ping_status":"closed","template":"","meta":{"_joinchat":[],"footnotes":""},"class_list":["post-573","page","type-page","status-publish","hentry"],"jetpack_sharing_enabled":true,"_links":{"self":[{"href":"https:\/\/movirentscolombia.com\/en\/wp-json\/wp\/v2\/pages\/573","targetHints":{"allow":["GET"]}}],"collection":[{"href":"https:\/\/movirentscolombia.com\/en\/wp-json\/wp\/v2\/pages"}],"about":[{"href":"https:\/\/movirentscolombia.com\/en\/wp-json\/wp\/v2\/types\/page"}],"author":[{"embeddable":true,"href":"https:\/\/movirentscolombia.com\/en\/wp-json\/wp\/v2\/users\/1"}],"replies":[{"embeddable":true,"href":"https:\/\/movirentscolombia.com\/en\/wp-json\/wp\/v2\/comments?post=573"}],"version-history":[{"count":0,"href":"https:\/\/movirentscolombia.com\/en\/wp-json\/wp\/v2\/pages\/573\/revisions"}],"wp:attachment":[{"href":"https:\/\/movirentscolombia.com\/en\/wp-json\/wp\/v2\/media?parent=573"}],"curies":[{"name":"wp","href":"https:\/\/api.w.org\/{rel}","templated":true}]}}